{"id":282291,"date":"2024-04-18T12:32:09","date_gmt":"2024-04-18T10:32:09","guid":{"rendered":"https:\/\/motus-tech.com\/kontakt\/"},"modified":"2024-10-09T10:46:29","modified_gmt":"2024-10-09T08:46:29","slug":"kontakt","status":"publish","type":"page","link":"https:\/\/motus-tech.com\/de\/kontakt\/","title":{"rendered":"Kontakt"},"content":{"rendered":"<p>[et_pb_section fb_built=&#8220;1&#8243; admin_label=&#8220;Header&#8220; _builder_version=&#8220;4.24.3&#8243; _module_preset=&#8220;default&#8220; background_color=&#8220;RGBA(255,255,255,0)&#8220; background_enable_image=&#8220;off&#8220; background_size=&#8220;custom&#8220; background_image_width=&#8220;16%&#8220; background_position=&#8220;top_right&#8220; custom_padding=&#8220;||||true|false&#8220; collapsed=&#8220;on&#8220; global_colors_info=&#8220;{}&#8220;][et_pb_row _builder_version=&#8220;4.24.3&#8243; _module_preset=&#8220;default&#8220; module_alignment=&#8220;center&#8220; global_colors_info=&#8220;{}&#8220;][et_pb_column type=&#8220;4_4&#8243; _builder_version=&#8220;4.20.0&#8243; _module_preset=&#8220;default&#8220; global_colors_info=&#8220;{}&#8220;][et_pb_text _builder_version=&#8220;4.24.3&#8243; _module_preset=&#8220;_initial&#8220; header_font=&#8220;|700|||||||&#8220; header_text_align=&#8220;left&#8220; header_text_color=&#8220;#000000&#8243; header_line_height=&#8220;1.2em&#8220; text_orientation=&#8220;center&#8220; custom_margin=&#8220;||10px||false|false&#8220; header_font_size_tablet=&#8220;40px&#8220; header_font_size_phone=&#8220;24px&#8220; header_font_size_last_edited=&#8220;on|desktop&#8220; global_colors_info=&#8220;{}&#8220;]<\/p>\n<h1>Kontaktieren Sie uns<\/h1>\n<p>[\/et_pb_text][et_pb_text _builder_version=&#8220;4.24.3&#8243; _module_preset=&#8220;_initial&#8220; text_font=&#8220;|300|||||||&#8220; text_text_color=&#8220;#000000&#8243; text_line_height=&#8220;1.8em&#8220; text_font_size_tablet=&#8220;16px&#8220; text_font_size_phone=&#8220;14px&#8220; text_font_size_last_edited=&#8220;on|phone&#8220; global_colors_info=&#8220;{}&#8220;]<\/p>\n<p><span>Wenn Sie Ihr industrielles Automatisierungssystem erneuern, verbessern und effizienter gestalten wollen, finden Sie in uns von <strong>Motus Tech<\/strong> einen perfekten Partner. Dank der Verwendung hochwertiger Materialien und der Nutzung gezielter Partnerschaften garantieren wir einen tadellosen und ma\u00dfgeschneiderten Service f\u00fcr Kunden mit jedem Bedarf. Wenden Sie sich mit Ihren Fragen oder Bed\u00fcrfnissen an uns und Sie werden nicht entt\u00e4uscht sein.    <\/span><\/p>\n<p>[\/et_pb_text][et_pb_button button_url=&#8220;#richiediinfo&#8220; button_text=&#8220;Informationen anfordern&#8220; _builder_version=&#8220;4.24.3&#8243; _module_preset=&#8220;default&#8220; global_colors_info=&#8220;{}&#8220;][\/et_pb_button][\/et_pb_column][\/et_pb_row][\/et_pb_section][et_pb_section fb_built=&#8220;1&#8243; module_id=&#8220;Informationen anfordern&#8220; _builder_version=&#8220;4.24.3&#8243; _module_preset=&#8220;default&#8220; global_colors_info=&#8220;{}&#8220;][et_pb_row column_structure=&#8220;1_2,1_2&#8243; _builder_version=&#8220;4.24.3&#8243; _module_preset=&#8220;default&#8220; global_colors_info=&#8220;{}&#8220;][et_pb_column type=&#8220;1_2&#8243; _builder_version=&#8220;4.24.3&#8243; _module_preset=&#8220;default&#8220; custom_padding=&#8220;30px|30px|30px|30px|false|false&#8220; border_radii=&#8220;on|20px|20px|20px|20px&#8220; border_width_all=&#8220;1px&#8220; border_color_all=&#8220;#000000&#8243; box_shadow_style=&#8220;preset4&#8243; box_shadow_horizontal=&#8220;12px&#8220; box_shadow_vertical=&#8220;12px&#8220; box_shadow_color=&#8220;#000000&#8243; global_colors_info=&#8220;{}&#8220;][et_pb_heading title=&#8220;Kontaktieren Sie uns jetzt!&#8220; _builder_version=&#8220;4.24.3&#8243; _module_preset=&#8220;default&#8220; title_font=&#8220;|700|||||||&#8220; title_letter_spacing=&#8220;-2px&#8220; custom_margin=&#8220;||6px|||&#8220; global_colors_info=&#8220;{}&#8220;][\/et_pb_heading][et_pb_text _builder_version=&#8220;4.24.3&#8243; _module_preset=&#8220;default&#8220; text_font=&#8220;|300|||||||&#8220; global_colors_info=&#8220;{}&#8220;]<\/p>\n<p><span>F\u00fcllen Sie unser Kontaktformular aus, um eine direkte Zusammenarbeit zu beginnen. Unsere Experten sind bereit, auf Ihre Bed\u00fcrfnisse einzugehen und Sie bei der Auswahl der besten ma\u00dfgeschneiderten L\u00f6sungen f\u00fcr Ihr Unternehmen zu unterst\u00fctzen. <\/span><\/p>\n<p>[\/et_pb_text][difl_cfseven cf7_forms=&#8220;50866&#8243; input_text_width=&#8220;100%&#8220; input_email_width=&#8220;100%&#8220; input_textarea_width=&#8220;100%&#8220; input_select_width=&#8220;100%&#8220; input_margin=&#8220;5px||||false|false&#8220; input_padding=&#8220;10px|5px|10px|5px|false|false&#8220; _builder_version=&#8220;4.24.3&#8243; _module_preset=&#8220;default&#8220; label_font=&#8220;|600|||||||&#8220; background_color=&#8220;RGBA(255,255,255,0)&#8220; custom_padding=&#8220;||||false|false&#8220; border_radii_input=&#8220;on|20px|20px|20px|20px&#8220; border_color_all_input=&#8220;#D6D6D6&#8243; border_color_all=&#8220;#000000&#8243; global_colors_info=&#8220;{}&#8220;][\/difl_cfseven][\/et_pb_column][et_pb_column type=&#8220;1_2&#8243; _builder_version=&#8220;4.24.3&#8243; _module_preset=&#8220;default&#8220; custom_padding=&#8220;30px||||false|false&#8220; sticky_position=&#8220;top&#8220; sticky_limit_bottom=&#8220;row&#8220; global_colors_info=&#8220;{}&#8220;][et_pb_heading title=&#8220;Adresse&#8220; _builder_version=&#8220;4.24.3&#8243; _module_preset=&#8220;default&#8220; title_level=&#8220;h6&#8243; title_font=&#8220;|800||on|||||&#8220; title_text_color=&#8220;#000000&#8243; title_letter_spacing=&#8220;-1px&#8220; custom_margin=&#8220;||0px||false|false&#8220; global_colors_info=&#8220;{}&#8220;][\/et_pb_heading][et_pb_text _builder_version=&#8220;4.24.3&#8243; _module_preset=&#8220;default&#8220; text_font=&#8220;|300|||||||&#8220; global_colors_info=&#8220;{}&#8220;]<\/p>\n<p class=\"lead text-center pt24\"><strong><br \/><\/strong><br \/>M<strong>otus Tech S.r.l.<\/strong>Via G. Di Vittorio 33\/3 Peschiera Borromeo &#8211; Mailand &#8211; Italien<strong><\/strong><\/p>\n<p>[\/et_pb_text][et_pb_heading title=&#8220;E-Mail&#8220; _builder_version=&#8220;4.24.3&#8243; _module_preset=&#8220;default&#8220; title_level=&#8220;h6&#8243; title_font=&#8220;|800||on|||||&#8220; title_letter_spacing=&#8220;-1px&#8220; custom_margin=&#8220;||0px||false|false&#8220; custom_padding=&#8220;||0px||false|false&#8220; global_colors_info=&#8220;{}&#8220;][\/et_pb_heading][et_pb_text _builder_version=&#8220;4.24.3&#8243; _module_preset=&#8220;default&#8220; text_font=&#8220;|300|||||||&#8220; link_option_url=&#8220;mailto:info@motus-tech.com&#8220; global_colors_info=&#8220;{}&#8220;]<\/p>\n<p class=\"lead text-center pt24\"><span>info@motus-tech.com<\/span><\/p>\n<p>[\/et_pb_text][et_pb_heading title=&#8220;Telefon&#8220; _builder_version=&#8220;4.24.3&#8243; _module_preset=&#8220;default&#8220; title_level=&#8220;h6&#8243; title_font=&#8220;|800||on|||||&#8220; title_letter_spacing=&#8220;-1px&#8220; custom_margin=&#8220;||0px||false|false&#8220; custom_padding=&#8220;||0px||false|false&#8220; global_colors_info=&#8220;{}&#8220;][\/et_pb_heading][et_pb_text _builder_version=&#8220;4.24.3&#8243; _module_preset=&#8220;default&#8220; text_font=&#8220;|300|||||||&#8220; link_option_url=&#8220;tel:+39025470273&#8243; global_colors_info=&#8220;{}&#8220;]<\/p>\n<p class=\"lead text-center pt24\"><span>+39 025470273<\/span><\/p>\n<p>[\/et_pb_text][et_pb_heading title=&#8220;Folgen Sie uns&#8220; _builder_version=&#8220;4.24.3&#8243; _module_preset=&#8220;default&#8220; title_level=&#8220;h6&#8243; title_font=&#8220;|800||on|||||&#8220; title_letter_spacing=&#8220;-1px&#8220; custom_margin=&#8220;||0px||false|false&#8220; custom_padding=&#8220;||0px||false|false&#8220; hover_enabled=&#8220;0&#8243; global_colors_info=&#8220;{}&#8220; sticky_enabled=&#8220;0&#8243;][\/et_pb_heading][et_pb_text _builder_version=&#8220;4.24.3&#8243; _module_preset=&#8220;default&#8220; text_font=&#8220;|300|||||||&#8220; link_option_url=&#8220;https:\/\/www.linkedin.com\/company\/motus-tech-s-r-l\/&#8220; hover_enabled=&#8220;0&#8243; global_colors_info=&#8220;{}&#8220; link_option_url_new_window=&#8220;on&#8220; sticky_enabled=&#8220;0&#8243;]<\/p>\n<p class=\"lead text-center pt24\"><span>Linkedin<\/span><\/p>\n<p>[\/et_pb_text][\/et_pb_column][\/et_pb_row][\/et_pb_section][et_pb_section fb_built=&#8220;1&#8243; admin_label=&#8220;Services&#8220; _builder_version=&#8220;4.24.3&#8243; _module_preset=&#8220;default&#8220; background_color=&#8220;RGBA(255,255,255,0)&#8220; global_module=&#8220;51063&#8243; collapsed=&#8220;on&#8220; global_colors_info=&#8220;{}&#8220;][et_pb_row column_structure=&#8220;1_4,1_4,1_4,1_4&#8243; use_custom_gutter=&#8220;on&#8220; gutter_width=&#8220;2&#8243; make_equal=&#8220;on&#8220; custom_padding_last_edited=&#8220;on|tablet&#8220; _builder_version=&#8220;4.24.3&#8243; _module_preset=&#8220;default&#8220; custom_padding_tablet=&#8220;||0px||false|false&#8220; custom_padding_phone=&#8220;||0px||false|false&#8220; locked=&#8220;off&#8220; global_colors_info=&#8220;{}&#8220;][et_pb_column type=&#8220;1_4&#8243; _builder_version=&#8220;4.24.3&#8243; _module_preset=&#8220;default&#8220; background_color=&#8220;#FFFFFF&#8220; custom_padding=&#8220;40px|20px|40px|20px|true|true&#8220; custom_padding_tablet=&#8220;30px|20px|30px|20px|true|true&#8220; custom_padding_phone=&#8220;20px||20px||true|true&#8220; custom_padding_last_edited=&#8220;on|tablet&#8220; border_radii=&#8220;on|16px|16px|16px|16px&#8220; border_width_all=&#8220;1px&#8220; border_color_all=&#8220;#000000&#8243; box_shadow_style=&#8220;preset4&#8243; box_shadow_horizontal=&#8220;8px&#8220; box_shadow_vertical=&#8220;8px&#8220; box_shadow_color=&#8220;#000000&#8243; global_colors_info=&#8220;{}&#8220;][et_pb_image src=&#8220;https:\/\/motus-tech.com\/wp-content\/uploads\/2021\/10\/company-503-1.png&#8220; title_text=&#8220;Unternehmen-503-1&#8243; align=&#8220;center&#8220; _builder_version=&#8220;4.24.3&#8243; _module_preset=&#8220;default&#8220; global_colors_info=&#8220;{}&#8220;][\/et_pb_image][et_pb_text _builder_version=&#8220;4.24.3&#8243; _module_preset=&#8220;_initial&#8220; text_font=&#8220;|800|||||||&#8220; header_5_font=&#8220;Lexend|500|||||||&#8220; header_5_text_color=&#8220;#000000&#8243; header_5_font_size=&#8220;20px&#8220; header_5_line_height=&#8220;1.4em&#8220; text_orientation=&#8220;center&#8220; custom_margin=&#8220;||0px||false|false&#8220; header_5_font_size_tablet=&#8220;16px&#8220; header_5_font_size_phone=&#8220;14px&#8220; header_5_font_size_last_edited=&#8220;on|phone&#8220; global_colors_info=&#8220;{}&#8220;]<\/p>\n<h5>Mehr als 15 Jahre in der Branche<\/h5>\n<p>[\/et_pb_text][et_pb_text _builder_version=&#8220;4.24.3&#8243; _module_preset=&#8220;_initial&#8220; text_font=&#8220;|300|||||||&#8220; text_text_color=&#8220;#000000&#8243; text_line_height=&#8220;1.6em&#8220; text_orientation=&#8220;center&#8220; global_colors_info=&#8220;{}&#8220;]<\/p>\n<p>Wir stellen seit 2006 Linearantriebe und komplette kartesische Systeme her.<\/p>\n<p>[\/et_pb_text][\/et_pb_column][et_pb_column type=&#8220;1_4&#8243; _builder_version=&#8220;4.24.3&#8243; _module_preset=&#8220;default&#8220; background_color=&#8220;#FFFFFF&#8220; custom_padding=&#8220;40px|20px|40px|20px|true|true&#8220; custom_padding_tablet=&#8220;30px|20px|30px|20px|true|true&#8220; custom_padding_phone=&#8220;20px||20px||true|true&#8220; custom_padding_last_edited=&#8220;on|tablet&#8220; border_radii=&#8220;on|16px|16px|16px|16px&#8220; border_width_all=&#8220;1px&#8220; border_color_all=&#8220;#000000&#8243; box_shadow_style=&#8220;preset4&#8243; box_shadow_horizontal=&#8220;8px&#8220; box_shadow_vertical=&#8220;8px&#8220; box_shadow_color=&#8220;#000000&#8243; global_colors_info=&#8220;{}&#8220;][et_pb_image src=&#8220;https:\/\/motus-tech.com\/wp-content\/uploads\/2021\/10\/company-503-2.png&#8220; title_text=&#8220;Unternehmen-503-2&#8243; align=&#8220;center&#8220; _builder_version=&#8220;4.24.3&#8243; _module_preset=&#8220;default&#8220; global_colors_info=&#8220;{}&#8220;][\/et_pb_image][et_pb_text _builder_version=&#8220;4.24.3&#8243; _module_preset=&#8220;_initial&#8220; text_font=&#8220;|800|||||||&#8220; header_5_font=&#8220;Lexend|500|||||||&#8220; header_5_text_color=&#8220;#000000&#8243; header_5_font_size=&#8220;20px&#8220; header_5_line_height=&#8220;1.4em&#8220; text_orientation=&#8220;center&#8220; custom_margin=&#8220;||0px||false|false&#8220; header_5_font_size_tablet=&#8220;16px&#8220; header_5_font_size_phone=&#8220;14px&#8220; header_5_font_size_last_edited=&#8220;on|phone&#8220; global_colors_info=&#8220;{}&#8220;]<\/p>\n<h5>Forschung und Entwicklung<\/h5>\n<p>[\/et_pb_text][et_pb_text _builder_version=&#8220;4.24.3&#8243; _module_preset=&#8220;_initial&#8220; text_font=&#8220;|300|||||||&#8220; text_text_color=&#8220;#000000&#8243; text_line_height=&#8220;1.6em&#8220; text_orientation=&#8220;center&#8220; global_colors_info=&#8220;{}&#8220;]<\/p>\n<p>Wir bieten ein leistungsstarkes, wettbewerbsf\u00e4higes Produkt mit einem hohen Industrialisierungsgrad.<\/p>\n<p>[\/et_pb_text][\/et_pb_column][et_pb_column type=&#8220;1_4&#8243; _builder_version=&#8220;4.24.3&#8243; _module_preset=&#8220;default&#8220; background_color=&#8220;#FFFFFF&#8220; custom_padding=&#8220;40px|20px|40px|20px|true|true&#8220; custom_padding_tablet=&#8220;30px|20px|30px|20px|true|true&#8220; custom_padding_phone=&#8220;20px||20px||true|true&#8220; custom_padding_last_edited=&#8220;on|tablet&#8220; border_radii=&#8220;on|16px|16px|16px|16px&#8220; border_width_all=&#8220;1px&#8220; border_color_all=&#8220;#000000&#8243; box_shadow_style=&#8220;preset4&#8243; box_shadow_horizontal=&#8220;8px&#8220; box_shadow_vertical=&#8220;8px&#8220; box_shadow_color=&#8220;#000000&#8243; global_colors_info=&#8220;{}&#8220;][et_pb_image src=&#8220;https:\/\/motus-tech.com\/wp-content\/uploads\/2021\/10\/company-503-3.png&#8220; title_text=&#8220;Unternehmen-503-3&#8243; align=&#8220;center&#8220; _builder_version=&#8220;4.24.3&#8243; _module_preset=&#8220;default&#8220; global_colors_info=&#8220;{}&#8220;][\/et_pb_image][et_pb_text _builder_version=&#8220;4.24.3&#8243; _module_preset=&#8220;_initial&#8220; text_font=&#8220;|800|||||||&#8220; header_5_font=&#8220;Lexend|500|||||||&#8220; header_5_text_color=&#8220;#000000&#8243; header_5_font_size=&#8220;20px&#8220; header_5_line_height=&#8220;1.4em&#8220; text_orientation=&#8220;center&#8220; custom_margin=&#8220;||0px||false|false&#8220; header_5_font_size_tablet=&#8220;16px&#8220; header_5_font_size_phone=&#8220;14px&#8220; header_5_font_size_last_edited=&#8220;on|phone&#8220; global_colors_info=&#8220;{}&#8220;]<\/p>\n<h5>Ma\u00dfgeschneiderte Aktuatoren<\/h5>\n<p>[\/et_pb_text][et_pb_text _builder_version=&#8220;4.24.3&#8243; _module_preset=&#8220;_initial&#8220; text_font=&#8220;|300|||||||&#8220; text_text_color=&#8220;#000000&#8243; text_line_height=&#8220;1.6em&#8220; text_orientation=&#8220;center&#8220; global_colors_info=&#8220;{}&#8220;]<\/p>\n<p>Wir k\u00f6nnen ma\u00dfgeschneiderte Aktuatoren f\u00fcr L\u00f6sungen anbieten, bei denen der Standard nicht ausreicht.<\/p>\n<p>[\/et_pb_text][\/et_pb_column][et_pb_column type=&#8220;1_4&#8243; _builder_version=&#8220;4.24.3&#8243; _module_preset=&#8220;default&#8220; background_color=&#8220;#FFFFFF&#8220; custom_padding=&#8220;40px|20px|40px|20px|true|true&#8220; custom_padding_tablet=&#8220;30px|20px|30px|20px|true|true&#8220; custom_padding_phone=&#8220;20px||20px||true|true&#8220; custom_padding_last_edited=&#8220;on|tablet&#8220; border_radii=&#8220;on|16px|16px|16px|16px&#8220; border_width_all=&#8220;1px&#8220; border_color_all=&#8220;#000000&#8243; box_shadow_style=&#8220;preset4&#8243; box_shadow_horizontal=&#8220;8px&#8220; box_shadow_vertical=&#8220;8px&#8220; box_shadow_color=&#8220;#000000&#8243; global_colors_info=&#8220;{}&#8220;][et_pb_image src=&#8220;https:\/\/motus-tech.com\/wp-content\/uploads\/2021\/10\/company-503-4.png&#8220; title_text=&#8220;Firma-503-4&#8243; align=&#8220;center&#8220; _builder_version=&#8220;4.24.3&#8243; _module_preset=&#8220;default&#8220; global_colors_info=&#8220;{}&#8220;][\/et_pb_image][et_pb_text _builder_version=&#8220;4.24.3&#8243; _module_preset=&#8220;_initial&#8220; text_font=&#8220;|800|||||||&#8220; header_5_font=&#8220;Lexend|500|||||||&#8220; header_5_text_color=&#8220;#000000&#8243; header_5_font_size=&#8220;20px&#8220; header_5_line_height=&#8220;1.4em&#8220; text_orientation=&#8220;center&#8220; custom_margin=&#8220;||0px||false|false&#8220; header_5_font_size_tablet=&#8220;16px&#8220; header_5_font_size_phone=&#8220;14px&#8220; header_5_font_size_last_edited=&#8220;on|phone&#8220; global_colors_info=&#8220;{}&#8220;]<\/p>\n<h5>Sicherheit und <span>Zuverl\u00e4ssigkeit<\/span><\/h5>\n<p>[\/et_pb_text][et_pb_text _builder_version=&#8220;4.24.3&#8243; _module_preset=&#8220;_initial&#8220; text_font=&#8220;|300|||||||&#8220; text_text_color=&#8220;#000000&#8243; text_line_height=&#8220;1.6em&#8220; text_orientation=&#8220;center&#8220; global_colors_info=&#8220;{}&#8220;]<\/p>\n<p>Unser engagiertes Team bietet technische Unterst\u00fctzung f\u00fcr alle Kunden <span>. <\/span><\/p>\n<p>[\/et_pb_text][\/et_pb_column][\/et_pb_row][\/et_pb_section]<\/p>\n","protected":false},"excerpt":{"rendered":"<p>Kontaktieren Sie unsWenn Sie Ihr industrielles Automatisierungssystem erneuern, verbessern und effizienter gestalten wollen, finden Sie in uns von Motus Tech einen perfekten Partner. Dank der Verwendung hochwertiger Materialien und der Nutzung gezielter Partnerschaften garantieren wir einen tadellosen und ma\u00dfgeschneiderten Service f\u00fcr Kunden mit jedem Bedarf. Wenden Sie sich mit Ihren Fragen oder Bed\u00fcrfnissen an uns und Sie werden nicht entt\u00e4uscht sein. F\u00fcllen Sie unser Kontaktformular aus, um eine direkte Zusammenarbeit zu beginnen. Unsere Experten sind bereit, auf Ihre Bed\u00fcrfnisse einzugehen und Sie bei der Auswahl der besten ma\u00dfgeschneiderten L\u00f6sungen f\u00fcr Ihr Unternehmen zu unterst\u00fctzen. <div class=\"et_pb_with_border et_pb_module difl_cfseven difl_cfseven_0\">\n\t\t\t\t\n\t\t\t\t\n\t\t\t\t\n\t\t\t\t\n\t\t\t\t\n\t\t\t\t\n\t\t\t\t<div class=\"et_pb_module_inner\">\n\t\t\t\t\t<div class=\"df-cf7-container\">\n<div class=\"wpcf7 no-js\" id=\"wpcf7-f282332-o1\" lang=\"de-DE\" dir=\"ltr\" data-wpcf7-id=\"282332\">\n<div class=\"screen-reader-response\"><p role=\"status\" aria-live=\"polite\" aria-atomic=\"true\"><\/p> <ul><\/ul><\/div>\n<form action=\"\/de\/wp-json\/wp\/v2\/pages\/282291#wpcf7-f282332-o1\" method=\"post\" class=\"wpcf7-form init\" aria-label=\"Kontaktformular\" novalidate=\"novalidate\" data-status=\"init\">\n<fieldset class=\"hidden-fields-container\"><input type=\"hidden\" name=\"_wpcf7\" value=\"282332\" \/><input type=\"hidden\" name=\"_wpcf7_version\" value=\"6.1.3\" \/><input type=\"hidden\" name=\"_wpcf7_locale\" value=\"de_DE\" \/><input type=\"hidden\" name=\"_wpcf7_unit_tag\" value=\"wpcf7-f282332-o1\" \/><input type=\"hidden\" name=\"_wpcf7_container_post\" value=\"0\" \/><input type=\"hidden\" name=\"_wpcf7_posted_data_hash\" value=\"\" \/><input type=\"hidden\" name=\"_wpcf7_recaptcha_response\" value=\"\" \/>\n<\/fieldset>\n<p><label> Ihr Name<br \/>\n<span class=\"wpcf7-form-control-wrap\" data-name=\"your-name\"><input size=\"40\" maxlength=\"400\" class=\"wpcf7-form-control wpcf7-text wpcf7-validates-as-required\" autocomplete=\"name\" aria-required=\"true\" aria-invalid=\"false\" value=\"\" type=\"text\" name=\"your-name\" \/><\/span> <\/label>\n<\/p>\n<p><label> Ihre E-Mail<br \/>\n<span class=\"wpcf7-form-control-wrap\" data-name=\"your-email\"><input size=\"40\" maxlength=\"400\" class=\"wpcf7-form-control wpcf7-email wpcf7-validates-as-required wpcf7-text wpcf7-validates-as-email\" autocomplete=\"email\" aria-required=\"true\" aria-invalid=\"false\" value=\"\" type=\"email\" name=\"your-email\" \/><\/span> <\/label>\n<\/p>\n<p><label> Betreff<br \/>\n<span class=\"wpcf7-form-control-wrap\" data-name=\"your-subject\"><input size=\"40\" maxlength=\"400\" class=\"wpcf7-form-control wpcf7-text wpcf7-validates-as-required\" aria-required=\"true\" aria-invalid=\"false\" value=\"\" type=\"text\" name=\"your-subject\" \/><\/span> <\/label>\n<\/p>\n<p><label> Ihre Nachricht (optional)<br \/>\n<span class=\"wpcf7-form-control-wrap\" data-name=\"your-message\"><textarea cols=\"40\" rows=\"10\" maxlength=\"2000\" class=\"wpcf7-form-control wpcf7-textarea\" aria-invalid=\"false\" name=\"your-message\"><\/textarea><\/span> <\/label>\n<\/p>\n<p><label><span class=\"wpcf7-form-control-wrap\" data-name=\"acceptance-917\"><span class=\"wpcf7-form-control wpcf7-acceptance\"><span class=\"wpcf7-list-item\"><input type=\"checkbox\" name=\"acceptance-917\" value=\"1\" aria-invalid=\"false\" \/><\/span><\/span><\/span> Ich akzeptiere die Verarbeitung meiner personenbezogenen Daten gem\u00e4\u00df der Datenschutzerkl\u00e4rung<\/label>\n<\/p>\n<p><button class=\"wpcf7-form-control wpcf7-submit has-spinner et_pb_button et_pb_bg_layout_light\" type=\"submit\" value=\"Senden\">Senden<\/button>\n<\/p><div class=\"wpcf7-response-output\" aria-hidden=\"true\"><\/div>\n<\/form>\n<\/div>\n<\/div>\n\t\t\t\t<\/div>\n\t\t\t<\/div>Motus Tech S.r.l.Via G. Di Vittorio 33\/3 Peschiera Borromeo &#8211; Mailand &#8211; Italieninfo@motus-tech.com+39 025470273LinkedinMehr als 15 Jahre in der BrancheWir stellen seit 2006 Linearantriebe und komplette kartesische Systeme her.Forschung und EntwicklungWir bieten ein leistungsstarkes, wettbewerbsf\u00e4higes Produkt mit einem hohen Industrialisierungsgrad.Ma\u00dfgeschneiderte AktuatorenWir k\u00f6nnen ma\u00dfgeschneiderte Aktuatoren f\u00fcr L\u00f6sungen anbieten, bei denen der Standard nicht ausreicht.Sicherheit und Zuverl\u00e4ssigkeitUnser engagiertes Team bietet technische Unterst\u00fctzung f\u00fcr alle Kunden .<\/p>\n","protected":false},"author":1,"featured_media":0,"parent":0,"menu_order":0,"comment_status":"closed","ping_status":"closed","template":"","meta":{"_acf_changed":false,"_et_pb_use_builder":"on","_et_pb_old_content":"","_et_gb_content_width":"","footnotes":""},"class_list":["post-282291","page","type-page","status-publish","hentry"],"acf":[],"_links":{"self":[{"href":"https:\/\/motus-tech.com\/de\/wp-json\/wp\/v2\/pages\/282291","targetHints":{"allow":["GET"]}}],"collection":[{"href":"https:\/\/motus-tech.com\/de\/wp-json\/wp\/v2\/pages"}],"about":[{"href":"https:\/\/motus-tech.com\/de\/wp-json\/wp\/v2\/types\/page"}],"author":[{"embeddable":true,"href":"https:\/\/motus-tech.com\/de\/wp-json\/wp\/v2\/users\/1"}],"replies":[{"embeddable":true,"href":"https:\/\/motus-tech.com\/de\/wp-json\/wp\/v2\/comments?post=282291"}],"version-history":[{"count":5,"href":"https:\/\/motus-tech.com\/de\/wp-json\/wp\/v2\/pages\/282291\/revisions"}],"predecessor-version":[{"id":282308,"href":"https:\/\/motus-tech.com\/de\/wp-json\/wp\/v2\/pages\/282291\/revisions\/282308"}],"wp:attachment":[{"href":"https:\/\/motus-tech.com\/de\/wp-json\/wp\/v2\/media?parent=282291"}],"curies":[{"name":"wp","href":"https:\/\/api.w.org\/{rel}","templated":true}]}}